{"id":33,"date":"2023-12-10T21:53:03","date_gmt":"2023-12-10T21:53:03","guid":{"rendered":"https:\/\/web.resof.net\/es\/?page_id=33"},"modified":"2025-05-03T23:42:59","modified_gmt":"2025-05-03T23:42:59","slug":"servicios","status":"publish","type":"page","link":"http:\/\/web.resof.net\/es\/servicios\/","title":{"rendered":"Servicios"},"content":{"rendered":"\t\t<div data-elementor-type=\"wp-page\" data-elementor-id=\"33\" class=\"elementor elementor-33\">\n\t\t\t\t<div class=\"elementor-element elementor-element-602b7df5 e-flex e-con-boxed e-con e-parent\" data-id=\"602b7df5\" data-element_type=\"container\" data-e-type=\"container\" data-settings=\"{&quot;background_background&quot;:&quot;classic&quot;}\">\n\t\t\t\t\t<div class=\"e-con-inner\">\n\t\t\t\t<div class=\"elementor-element elementor-element-270e8042 elementor-widget elementor-widget-heading\" data-id=\"270e8042\" data-element_type=\"widget\" data-e-type=\"widget\" data-widget_type=\"heading.default\">\n\t\t\t\t<div class=\"elementor-widget-container\">\n\t\t\t\t\t<h1 class=\"elementor-heading-title elementor-size-default\">servicios integrales<\/h1>\t\t\t\t<\/div>\n\t\t\t\t<\/div>\n\t\t\t\t<div class=\"elementor-element elementor-element-1d241212 elementor-widget elementor-widget-text-editor\" data-id=\"1d241212\" data-element_type=\"widget\" data-e-type=\"widget\" data-widget_type=\"text-editor.default\">\n\t\t\t\t<div class=\"elementor-widget-container\">\n\t\t\t\t\t\t\t\t\t<p>innovaci\u00f3n y eficiencia<\/p>\t\t\t\t\t\t\t\t<\/div>\n\t\t\t\t<\/div>\n\t\t\t\t\t<\/div>\n\t\t\t\t<\/div>\n\t\t<div class=\"elementor-element elementor-element-2cc130e8 e-flex e-con-boxed e-con e-parent\" data-id=\"2cc130e8\" data-element_type=\"container\" data-e-type=\"container\" data-settings=\"{&quot;background_background&quot;:&quot;classic&quot;}\">\n\t\t\t\t\t<div class=\"e-con-inner\">\n\t\t<div class=\"elementor-element elementor-element-2bec4cca e-con-full e-flex e-con e-child\" data-id=\"2bec4cca\" data-element_type=\"container\" data-e-type=\"container\">\n\t\t\t\t<div class=\"elementor-element elementor-element-7128ff58 elementor-widget elementor-widget-heading\" data-id=\"7128ff58\" data-element_type=\"widget\" data-e-type=\"widget\" data-widget_type=\"heading.default\">\n\t\t\t\t<div class=\"elementor-widget-container\">\n\t\t\t\t\t<h3 class=\"elementor-heading-title elementor-size-default\">Partes, Equipos y Sistemas de Alta Calidad:<\/h3>\t\t\t\t<\/div>\n\t\t\t\t<\/div>\n\t\t\t\t<div class=\"elementor-element elementor-element-3b20e61d elementor-widget elementor-widget-text-editor\" data-id=\"3b20e61d\" data-element_type=\"widget\" data-e-type=\"widget\" data-widget_type=\"text-editor.default\">\n\t\t\t\t<div class=\"elementor-widget-container\">\n\t\t\t\t\t\t\t\t\t<p class=\"p1\">Comercializamos partes y repuestos de las principales marcas de alta calidad, as\u00ed como tambi\u00e9n, suministramos e instalamos equipos nuevos y remanufacturados para sistemas de refrigeraci\u00f3n.<\/p>\t\t\t\t\t\t\t\t<\/div>\n\t\t\t\t<\/div>\n\t\t\t\t<\/div>\n\t\t<div class=\"elementor-element elementor-element-77f4ef4f e-con-full e-flex e-con e-child\" data-id=\"77f4ef4f\" data-element_type=\"container\" data-e-type=\"container\">\n\t\t\t\t<div class=\"elementor-element elementor-element-457cc654 elementor-widget elementor-widget-image\" data-id=\"457cc654\" data-element_type=\"widget\" data-e-type=\"widget\" data-widget_type=\"image.default\">\n\t\t\t\t<div class=\"elementor-widget-container\">\n\t\t\t\t\t\t\t\t\t\t\t\t\t\t\t<img fetchpriority=\"high\" decoding=\"async\" width=\"800\" height=\"403\" src=\"http:\/\/web.resof.net\/es\/wp-content\/uploads\/2024\/01\/Image-Contact.jpg\" class=\"attachment-large size-large wp-image-437\" alt=\"\" srcset=\"http:\/\/web.resof.net\/es\/wp-content\/uploads\/2024\/01\/Image-Contact.jpg 853w, http:\/\/web.resof.net\/es\/wp-content\/uploads\/2024\/01\/Image-Contact-300x151.jpg 300w, http:\/\/web.resof.net\/es\/wp-content\/uploads\/2024\/01\/Image-Contact-768x387.jpg 768w\" sizes=\"(max-width: 800px) 100vw, 800px\" \/>\t\t\t\t\t\t\t\t\t\t\t\t\t\t\t<\/div>\n\t\t\t\t<\/div>\n\t\t\t\t<\/div>\n\t\t\t\t\t<\/div>\n\t\t\t\t<\/div>\n\t\t<div class=\"elementor-element elementor-element-379b7d73 e-flex e-con-boxed e-con e-parent\" data-id=\"379b7d73\" data-element_type=\"container\" data-e-type=\"container\" data-settings=\"{&quot;background_background&quot;:&quot;classic&quot;}\">\n\t\t\t\t\t<div class=\"e-con-inner\">\n\t\t<div class=\"elementor-element elementor-element-34aa7967 e-con-full e-flex e-con e-child\" data-id=\"34aa7967\" data-element_type=\"container\" data-e-type=\"container\">\n\t\t\t\t<div class=\"elementor-element elementor-element-1a18bb7c elementor-widget elementor-widget-heading\" data-id=\"1a18bb7c\" data-element_type=\"widget\" data-e-type=\"widget\" data-widget_type=\"heading.default\">\n\t\t\t\t<div class=\"elementor-widget-container\">\n\t\t\t\t\t<h3 class=\"elementor-heading-title elementor-size-default\">Proyectos de Infraestructura:<\/h3>\t\t\t\t<\/div>\n\t\t\t\t<\/div>\n\t\t\t\t<div class=\"elementor-element elementor-element-47039c05 elementor-widget elementor-widget-text-editor\" data-id=\"47039c05\" data-element_type=\"widget\" data-e-type=\"widget\" data-widget_type=\"text-editor.default\">\n\t\t\t\t<div class=\"elementor-widget-container\">\n\t\t\t\t\t\t\t\t\t<p class=\"p1\">Desarrollamos el dise\u00f1o y construcci\u00f3n de proyectos bajo la modalidad Turn Key y EPCM enfocados en soluciones de refrigeraci\u00f3n Industrial, integrando todas las disciplinas de la ingenier\u00eda y ofreciendo una soluci\u00f3n completa a nuestros clientes a nivel de ingenier\u00eda, suministro e instalaciones y eficiencia energ\u00e9tica y eco amigable.<\/p>\t\t\t\t\t\t\t\t<\/div>\n\t\t\t\t<\/div>\n\t\t\t\t<\/div>\n\t\t<div class=\"elementor-element elementor-element-2dd610ef e-con-full e-flex e-con e-child\" data-id=\"2dd610ef\" data-element_type=\"container\" data-e-type=\"container\">\n\t\t\t\t<div class=\"elementor-element elementor-element-d7addd9 elementor-widget elementor-widget-image\" data-id=\"d7addd9\" data-element_type=\"widget\" data-e-type=\"widget\" data-widget_type=\"image.default\">\n\t\t\t\t<div class=\"elementor-widget-container\">\n\t\t\t\t\t\t\t\t\t\t\t\t\t\t\t<img fetchpriority=\"high\" decoding=\"async\" width=\"800\" height=\"403\" src=\"http:\/\/web.resof.net\/es\/wp-content\/uploads\/2024\/01\/Image-Contact.jpg\" class=\"attachment-large size-large wp-image-437\" alt=\"\" srcset=\"http:\/\/web.resof.net\/es\/wp-content\/uploads\/2024\/01\/Image-Contact.jpg 853w, http:\/\/web.resof.net\/es\/wp-content\/uploads\/2024\/01\/Image-Contact-300x151.jpg 300w, http:\/\/web.resof.net\/es\/wp-content\/uploads\/2024\/01\/Image-Contact-768x387.jpg 768w\" sizes=\"(max-width: 800px) 100vw, 800px\" \/>\t\t\t\t\t\t\t\t\t\t\t\t\t\t\t<\/div>\n\t\t\t\t<\/div>\n\t\t\t\t<\/div>\n\t\t\t\t\t<\/div>\n\t\t\t\t<\/div>\n\t\t<div class=\"elementor-element elementor-element-3021b95 e-flex e-con-boxed e-con e-parent\" data-id=\"3021b95\" data-element_type=\"container\" data-e-type=\"container\" data-settings=\"{&quot;background_background&quot;:&quot;classic&quot;}\">\n\t\t\t\t\t<div class=\"e-con-inner\">\n\t\t<div class=\"elementor-element elementor-element-7f7fbeb e-con-full e-flex e-con e-child\" data-id=\"7f7fbeb\" data-element_type=\"container\" data-e-type=\"container\">\n\t\t\t\t<div class=\"elementor-element elementor-element-752a347 elementor-widget elementor-widget-heading\" data-id=\"752a347\" data-element_type=\"widget\" data-e-type=\"widget\" data-widget_type=\"heading.default\">\n\t\t\t\t<div class=\"elementor-widget-container\">\n\t\t\t\t\t<h3 class=\"elementor-heading-title elementor-size-default\">Proyectos Llave en Mano con Enfoque Profesional:<\/h3>\t\t\t\t<\/div>\n\t\t\t\t<\/div>\n\t\t\t\t<div class=\"elementor-element elementor-element-a434635 elementor-widget elementor-widget-text-editor\" data-id=\"a434635\" data-element_type=\"widget\" data-e-type=\"widget\" data-widget_type=\"text-editor.default\">\n\t\t\t\t<div class=\"elementor-widget-container\">\n\t\t\t\t\t\t\t\t\t<p class=\"p1\">Nuestro equipo altamente capacitado, respaldado por profesionales certificados PMP, garantiza una gesti\u00f3n de proyectos eficiente y efectiva. Desde la planificaci\u00f3n hasta la implementaci\u00f3n, seguimos est\u00e1ndares rigurosos de Project Management Professional (PMP) para asegurar la entrega exitosa y oportuna de cada proyecto.<\/p>\t\t\t\t\t\t\t\t<\/div>\n\t\t\t\t<\/div>\n\t\t\t\t<\/div>\n\t\t<div class=\"elementor-element elementor-element-a6a568e e-con-full e-flex e-con e-child\" data-id=\"a6a568e\" data-element_type=\"container\" data-e-type=\"container\">\n\t\t\t\t<div class=\"elementor-element elementor-element-557aa8a elementor-widget elementor-widget-image\" data-id=\"557aa8a\" data-element_type=\"widget\" data-e-type=\"widget\" data-widget_type=\"image.default\">\n\t\t\t\t<div class=\"elementor-widget-container\">\n\t\t\t\t\t\t\t\t\t\t\t\t\t\t\t<img fetchpriority=\"high\" decoding=\"async\" width=\"800\" height=\"403\" src=\"http:\/\/web.resof.net\/es\/wp-content\/uploads\/2024\/01\/Image-Contact.jpg\" class=\"attachment-large size-large wp-image-437\" alt=\"\" srcset=\"http:\/\/web.resof.net\/es\/wp-content\/uploads\/2024\/01\/Image-Contact.jpg 853w, http:\/\/web.resof.net\/es\/wp-content\/uploads\/2024\/01\/Image-Contact-300x151.jpg 300w, http:\/\/web.resof.net\/es\/wp-content\/uploads\/2024\/01\/Image-Contact-768x387.jpg 768w\" sizes=\"(max-width: 800px) 100vw, 800px\" \/>\t\t\t\t\t\t\t\t\t\t\t\t\t\t\t<\/div>\n\t\t\t\t<\/div>\n\t\t\t\t<\/div>\n\t\t\t\t\t<\/div>\n\t\t\t\t<\/div>\n\t\t<div class=\"elementor-element elementor-element-9fe55c9 e-flex e-con-boxed e-con e-parent\" data-id=\"9fe55c9\" data-element_type=\"container\" data-e-type=\"container\" data-settings=\"{&quot;background_background&quot;:&quot;classic&quot;}\">\n\t\t\t\t\t<div class=\"e-con-inner\">\n\t\t<div class=\"elementor-element elementor-element-a015d4e e-con-full e-flex e-con e-child\" data-id=\"a015d4e\" data-element_type=\"container\" data-e-type=\"container\">\n\t\t\t\t<div class=\"elementor-element elementor-element-859f177 elementor-widget elementor-widget-heading\" data-id=\"859f177\" data-element_type=\"widget\" data-e-type=\"widget\" data-widget_type=\"heading.default\">\n\t\t\t\t<div class=\"elementor-widget-container\">\n\t\t\t\t\t<h3 class=\"elementor-heading-title elementor-size-default\">Project Management:<\/h3>\t\t\t\t<\/div>\n\t\t\t\t<\/div>\n\t\t\t\t<div class=\"elementor-element elementor-element-14c9c86 elementor-widget elementor-widget-text-editor\" data-id=\"14c9c86\" data-element_type=\"widget\" data-e-type=\"widget\" data-widget_type=\"text-editor.default\">\n\t\t\t\t<div class=\"elementor-widget-container\">\n\t\t\t\t\t\t\t\t\t<p class=\"p1\">Equipo experimentado de profesionales especializados y certificados (PMP\u00ae -PMI) en las mejoras pr\u00e1cticas y metodolog\u00edas en gesti\u00f3n de proyectos. Enfocados en liderar y desarrollar con visi\u00f3n integral y organizada los proyectos, durante todo el ciclo de vida y en sus diferentes etapas, aumentando la probabilidad de \u00e9xito y entrega oportuna.<\/p>\t\t\t\t\t\t\t\t<\/div>\n\t\t\t\t<\/div>\n\t\t\t\t<\/div>\n\t\t<div class=\"elementor-element elementor-element-2cb9997 e-con-full e-flex e-con e-child\" data-id=\"2cb9997\" data-element_type=\"container\" data-e-type=\"container\">\n\t\t\t\t<div class=\"elementor-element elementor-element-9989e34 elementor-widget elementor-widget-image\" data-id=\"9989e34\" data-element_type=\"widget\" data-e-type=\"widget\" data-widget_type=\"image.default\">\n\t\t\t\t<div class=\"elementor-widget-container\">\n\t\t\t\t\t\t\t\t\t\t\t\t\t\t\t<img fetchpriority=\"high\" decoding=\"async\" width=\"800\" height=\"403\" src=\"http:\/\/web.resof.net\/es\/wp-content\/uploads\/2024\/01\/Image-Contact.jpg\" class=\"attachment-large size-large wp-image-437\" alt=\"\" srcset=\"http:\/\/web.resof.net\/es\/wp-content\/uploads\/2024\/01\/Image-Contact.jpg 853w, http:\/\/web.resof.net\/es\/wp-content\/uploads\/2024\/01\/Image-Contact-300x151.jpg 300w, http:\/\/web.resof.net\/es\/wp-content\/uploads\/2024\/01\/Image-Contact-768x387.jpg 768w\" sizes=\"(max-width: 800px) 100vw, 800px\" \/>\t\t\t\t\t\t\t\t\t\t\t\t\t\t\t<\/div>\n\t\t\t\t<\/div>\n\t\t\t\t<\/div>\n\t\t\t\t\t<\/div>\n\t\t\t\t<\/div>\n\t\t<div class=\"elementor-element elementor-element-ff03287 e-flex e-con-boxed e-con e-parent\" data-id=\"ff03287\" data-element_type=\"container\" data-e-type=\"container\" data-settings=\"{&quot;background_background&quot;:&quot;classic&quot;}\">\n\t\t\t\t\t<div class=\"e-con-inner\">\n\t\t<div class=\"elementor-element elementor-element-ad97d21 e-con-full e-flex e-con e-child\" data-id=\"ad97d21\" data-element_type=\"container\" data-e-type=\"container\">\n\t\t\t\t<div class=\"elementor-element elementor-element-c882e93 elementor-widget elementor-widget-heading\" data-id=\"c882e93\" data-element_type=\"widget\" data-e-type=\"widget\" data-widget_type=\"heading.default\">\n\t\t\t\t<div class=\"elementor-widget-container\">\n\t\t\t\t\t<h3 class=\"elementor-heading-title elementor-size-default\">Infraestructura para Industria Alimentaria y Log\u00edstica:<\/h3>\t\t\t\t<\/div>\n\t\t\t\t<\/div>\n\t\t\t\t<div class=\"elementor-element elementor-element-16337ce elementor-widget elementor-widget-text-editor\" data-id=\"16337ce\" data-element_type=\"widget\" data-e-type=\"widget\" data-widget_type=\"text-editor.default\">\n\t\t\t\t<div class=\"elementor-widget-container\">\n\t\t\t\t\t\t\t\t\t<p class=\"p1\">Suministramos equipos y sistemas esenciales para plantas de procesamiento de alimentos y bodegas log\u00edsticas.<\/p>\t\t\t\t\t\t\t\t<\/div>\n\t\t\t\t<\/div>\n\t\t\t\t<\/div>\n\t\t<div class=\"elementor-element elementor-element-10e4f99 e-con-full e-flex e-con e-child\" data-id=\"10e4f99\" data-element_type=\"container\" data-e-type=\"container\">\n\t\t\t\t<div class=\"elementor-element elementor-element-04c26a0 elementor-widget elementor-widget-image\" data-id=\"04c26a0\" data-element_type=\"widget\" data-e-type=\"widget\" data-widget_type=\"image.default\">\n\t\t\t\t<div class=\"elementor-widget-container\">\n\t\t\t\t\t\t\t\t\t\t\t\t\t\t\t<img fetchpriority=\"high\" decoding=\"async\" width=\"800\" height=\"403\" src=\"http:\/\/web.resof.net\/es\/wp-content\/uploads\/2024\/01\/Image-Contact.jpg\" class=\"attachment-large size-large wp-image-437\" alt=\"\" srcset=\"http:\/\/web.resof.net\/es\/wp-content\/uploads\/2024\/01\/Image-Contact.jpg 853w, http:\/\/web.resof.net\/es\/wp-content\/uploads\/2024\/01\/Image-Contact-300x151.jpg 300w, http:\/\/web.resof.net\/es\/wp-content\/uploads\/2024\/01\/Image-Contact-768x387.jpg 768w\" sizes=\"(max-width: 800px) 100vw, 800px\" \/>\t\t\t\t\t\t\t\t\t\t\t\t\t\t\t<\/div>\n\t\t\t\t<\/div>\n\t\t\t\t<\/div>\n\t\t\t\t\t<\/div>\n\t\t\t\t<\/div>\n\t\t<div class=\"elementor-element elementor-element-cb0222c e-flex e-con-boxed e-con e-parent\" data-id=\"cb0222c\" data-element_type=\"container\" data-e-type=\"container\" data-settings=\"{&quot;background_background&quot;:&quot;classic&quot;}\">\n\t\t\t\t\t<div class=\"e-con-inner\">\n\t\t<div class=\"elementor-element elementor-element-85f335c e-con-full e-flex e-con e-child\" data-id=\"85f335c\" data-element_type=\"container\" data-e-type=\"container\">\n\t\t\t\t<div class=\"elementor-element elementor-element-505df83 elementor-widget elementor-widget-heading\" data-id=\"505df83\" data-element_type=\"widget\" data-e-type=\"widget\" data-widget_type=\"heading.default\">\n\t\t\t\t<div class=\"elementor-widget-container\">\n\t\t\t\t\t<h3 class=\"elementor-heading-title elementor-size-default\">Sistemas de Glicol para \u00c1reas de Baja Temperatura:<\/h3>\t\t\t\t<\/div>\n\t\t\t\t<\/div>\n\t\t\t\t<div class=\"elementor-element elementor-element-67ffa36 elementor-widget elementor-widget-text-editor\" data-id=\"67ffa36\" data-element_type=\"widget\" data-e-type=\"widget\" data-widget_type=\"text-editor.default\">\n\t\t\t\t<div class=\"elementor-widget-container\">\n\t\t\t\t\t\t\t\t\t<p class=\"p1\">Dise\u00f1amos, suministramos e instalamos sistemas de calentamiento subbase\/suelo radiante\/ Hydronic Floor Glycol Heating System para \u00e1reas refrigeradas de baja temperatura.<\/p>\t\t\t\t\t\t\t\t<\/div>\n\t\t\t\t<\/div>\n\t\t\t\t<\/div>\n\t\t<div class=\"elementor-element elementor-element-72d09c8 e-con-full e-flex e-con e-child\" data-id=\"72d09c8\" data-element_type=\"container\" data-e-type=\"container\">\n\t\t\t\t<div class=\"elementor-element elementor-element-e3b3e7e elementor-widget elementor-widget-image\" data-id=\"e3b3e7e\" data-element_type=\"widget\" data-e-type=\"widget\" data-widget_type=\"image.default\">\n\t\t\t\t<div class=\"elementor-widget-container\">\n\t\t\t\t\t\t\t\t\t\t\t\t\t\t\t<img fetchpriority=\"high\" decoding=\"async\" width=\"800\" height=\"403\" src=\"http:\/\/web.resof.net\/es\/wp-content\/uploads\/2024\/01\/Image-Contact.jpg\" class=\"attachment-large size-large wp-image-437\" alt=\"\" srcset=\"http:\/\/web.resof.net\/es\/wp-content\/uploads\/2024\/01\/Image-Contact.jpg 853w, http:\/\/web.resof.net\/es\/wp-content\/uploads\/2024\/01\/Image-Contact-300x151.jpg 300w, http:\/\/web.resof.net\/es\/wp-content\/uploads\/2024\/01\/Image-Contact-768x387.jpg 768w\" sizes=\"(max-width: 800px) 100vw, 800px\" \/>\t\t\t\t\t\t\t\t\t\t\t\t\t\t\t<\/div>\n\t\t\t\t<\/div>\n\t\t\t\t<\/div>\n\t\t\t\t\t<\/div>\n\t\t\t\t<\/div>\n\t\t<div class=\"elementor-element elementor-element-71e8642 e-flex e-con-boxed e-con e-parent\" data-id=\"71e8642\" data-element_type=\"container\" data-e-type=\"container\" data-settings=\"{&quot;background_background&quot;:&quot;classic&quot;}\">\n\t\t\t\t\t<div class=\"e-con-inner\">\n\t\t<div class=\"elementor-element elementor-element-04ead1e e-con-full e-flex e-con e-child\" data-id=\"04ead1e\" data-element_type=\"container\" data-e-type=\"container\">\n\t\t\t\t<div class=\"elementor-element elementor-element-9a67f9d elementor-widget elementor-widget-heading\" data-id=\"9a67f9d\" data-element_type=\"widget\" data-e-type=\"widget\" data-widget_type=\"heading.default\">\n\t\t\t\t<div class=\"elementor-widget-container\">\n\t\t\t\t\t<h3 class=\"elementor-heading-title elementor-size-default\">Mantenimiento Especializado:<\/h3>\t\t\t\t<\/div>\n\t\t\t\t<\/div>\n\t\t\t\t<div class=\"elementor-element elementor-element-ffb54cc elementor-widget elementor-widget-text-editor\" data-id=\"ffb54cc\" data-element_type=\"widget\" data-e-type=\"widget\" data-widget_type=\"text-editor.default\">\n\t\t\t\t<div class=\"elementor-widget-container\">\n\t\t\t\t\t\t\t\t\t<p class=\"p1\">Desarrollamos servicios de mantenimiento especializado, predictivo, preventivo y correctivo para sistemas de refrigeraci\u00f3n industrial; termograf\u00eda, an\u00e1lisis de aceite, alineaci\u00f3n laser, calibraci\u00f3n de compresores, an\u00e1lisis de vibraciones, entre otros.<\/p>\t\t\t\t\t\t\t\t<\/div>\n\t\t\t\t<\/div>\n\t\t\t\t<\/div>\n\t\t<div class=\"elementor-element elementor-element-8938c1d e-con-full e-flex e-con e-child\" data-id=\"8938c1d\" data-element_type=\"container\" data-e-type=\"container\">\n\t\t\t\t<div class=\"elementor-element elementor-element-74169c0 elementor-widget elementor-widget-image\" data-id=\"74169c0\" data-element_type=\"widget\" data-e-type=\"widget\" data-widget_type=\"image.default\">\n\t\t\t\t<div class=\"elementor-widget-container\">\n\t\t\t\t\t\t\t\t\t\t\t\t\t\t\t<img fetchpriority=\"high\" decoding=\"async\" width=\"800\" height=\"403\" src=\"http:\/\/web.resof.net\/es\/wp-content\/uploads\/2024\/01\/Image-Contact.jpg\" class=\"attachment-large size-large wp-image-437\" alt=\"\" srcset=\"http:\/\/web.resof.net\/es\/wp-content\/uploads\/2024\/01\/Image-Contact.jpg 853w, http:\/\/web.resof.net\/es\/wp-content\/uploads\/2024\/01\/Image-Contact-300x151.jpg 300w, http:\/\/web.resof.net\/es\/wp-content\/uploads\/2024\/01\/Image-Contact-768x387.jpg 768w\" sizes=\"(max-width: 800px) 100vw, 800px\" \/>\t\t\t\t\t\t\t\t\t\t\t\t\t\t\t<\/div>\n\t\t\t\t<\/div>\n\t\t\t\t<\/div>\n\t\t\t\t\t<\/div>\n\t\t\t\t<\/div>\n\t\t<div class=\"elementor-element elementor-element-9363333 e-flex e-con-boxed e-con e-parent\" data-id=\"9363333\" data-element_type=\"container\" data-e-type=\"container\" data-settings=\"{&quot;background_background&quot;:&quot;classic&quot;}\">\n\t\t\t\t\t<div class=\"e-con-inner\">\n\t\t<div class=\"elementor-element elementor-element-fd788c2 e-con-full e-flex e-con e-child\" data-id=\"fd788c2\" data-element_type=\"container\" data-e-type=\"container\">\n\t\t\t\t<div class=\"elementor-element elementor-element-6481b21 elementor-widget elementor-widget-heading\" data-id=\"6481b21\" data-element_type=\"widget\" data-e-type=\"widget\" data-widget_type=\"heading.default\">\n\t\t\t\t<div class=\"elementor-widget-container\">\n\t\t\t\t\t<h3 class=\"elementor-heading-title elementor-size-default\">Ingenier\u00eda Especializada + BIM:<\/h3>\t\t\t\t<\/div>\n\t\t\t\t<\/div>\n\t\t\t\t<div class=\"elementor-element elementor-element-99ff4a0 elementor-widget elementor-widget-text-editor\" data-id=\"99ff4a0\" data-element_type=\"widget\" data-e-type=\"widget\" data-widget_type=\"text-editor.default\">\n\t\t\t\t<div class=\"elementor-widget-container\">\n\t\t\t\t\t\t\t\t\t<p class=\"p1\">RESOF es ingenier\u00eda especializada en Refrigeraci\u00f3n, desarrollamos e integramos diferentes \u00e1reas de la ingenier\u00eda para ofrecer soluciones integrales, as\u00ed mismo, contamos con personal certificado y utilizamos las \u00faltimas tecnolog\u00edas especializadas en el desarrollo de la ingenier\u00eda bajo metodolog\u00eda BIM (Building Information Modeling), AEC + ACC -Autodesk, que nos permite crear modelos virtuales detallados de los sistemas de refrigeraci\u00f3n e infraestructura, mejorando la precisi\u00f3n del dise\u00f1o y facilitando la colaboraci\u00f3n y la toma de decisiones durante todo el ciclo de vida del proyecto.<\/p>\t\t\t\t\t\t\t\t<\/div>\n\t\t\t\t<\/div>\n\t\t\t\t<\/div>\n\t\t<div class=\"elementor-element elementor-element-eb230e2 e-con-full e-flex e-con e-child\" data-id=\"eb230e2\" data-element_type=\"container\" data-e-type=\"container\">\n\t\t\t\t<div class=\"elementor-element elementor-element-1e3f32d elementor-widget elementor-widget-image\" data-id=\"1e3f32d\" data-element_type=\"widget\" data-e-type=\"widget\" data-widget_type=\"image.default\">\n\t\t\t\t<div class=\"elementor-widget-container\">\n\t\t\t\t\t\t\t\t\t\t\t\t\t\t\t<img fetchpriority=\"high\" decoding=\"async\" width=\"800\" height=\"403\" src=\"http:\/\/web.resof.net\/es\/wp-content\/uploads\/2024\/01\/Image-Contact.jpg\" class=\"attachment-large size-large wp-image-437\" alt=\"\" srcset=\"http:\/\/web.resof.net\/es\/wp-content\/uploads\/2024\/01\/Image-Contact.jpg 853w, http:\/\/web.resof.net\/es\/wp-content\/uploads\/2024\/01\/Image-Contact-300x151.jpg 300w, http:\/\/web.resof.net\/es\/wp-content\/uploads\/2024\/01\/Image-Contact-768x387.jpg 768w\" sizes=\"(max-width: 800px) 100vw, 800px\" \/>\t\t\t\t\t\t\t\t\t\t\t\t\t\t\t<\/div>\n\t\t\t\t<\/div>\n\t\t\t\t<\/div>\n\t\t\t\t\t<\/div>\n\t\t\t\t<\/div>\n\t\t<div class=\"elementor-element elementor-element-da827c8 e-flex e-con-boxed e-con e-parent\" data-id=\"da827c8\" data-element_type=\"container\" data-e-type=\"container\">\n\t\t\t\t\t<div class=\"e-con-inner\">\n\t\t\t\t<div class=\"elementor-element elementor-element-3ef1452 elementor-widget elementor-widget-spacer\" data-id=\"3ef1452\" data-element_type=\"widget\" data-e-type=\"widget\" data-widget_type=\"spacer.default\">\n\t\t\t\t<div class=\"elementor-widget-container\">\n\t\t\t\t\t\t\t<div class=\"elementor-spacer\">\n\t\t\t<div class=\"elementor-spacer-inner\"><\/div>\n\t\t<\/div>\n\t\t\t\t\t\t<\/div>\n\t\t\t\t<\/div>\n\t\t\t\t\t<\/div>\n\t\t\t\t<\/div>\n\t\t\t\t<\/div>\n\t\t","protected":false},"excerpt":{"rendered":"<p>servicios integrales innovaci\u00f3n y eficiencia Partes, Equipos y Sistemas de Alta Calidad: Comercializamos partes y repuestos de las principales marcas de alta calidad, as\u00ed como tambi\u00e9n, suministramos e instalamos equipos nuevos y remanufacturados para sistemas de refrigeraci\u00f3n. Proyectos de Infraestructura: Desarrollamos el dise\u00f1o y construcci\u00f3n de proyectos bajo la modalidad Turn Key y EPCM enfocados [&hellip;]<\/p>\n","protected":false},"author":1,"featured_media":0,"parent":0,"menu_order":0,"comment_status":"closed","ping_status":"closed","template":"","meta":{"footnotes":""},"class_list":["post-33","page","type-page","status-publish","hentry"],"_links":{"self":[{"href":"http:\/\/web.resof.net\/es\/wp-json\/wp\/v2\/pages\/33","targetHints":{"allow":["GET"]}}],"collection":[{"href":"http:\/\/web.resof.net\/es\/wp-json\/wp\/v2\/pages"}],"about":[{"href":"http:\/\/web.resof.net\/es\/wp-json\/wp\/v2\/types\/page"}],"author":[{"embeddable":true,"href":"http:\/\/web.resof.net\/es\/wp-json\/wp\/v2\/users\/1"}],"replies":[{"embeddable":true,"href":"http:\/\/web.resof.net\/es\/wp-json\/wp\/v2\/comments?post=33"}],"version-history":[{"count":97,"href":"http:\/\/web.resof.net\/es\/wp-json\/wp\/v2\/pages\/33\/revisions"}],"predecessor-version":[{"id":1066,"href":"http:\/\/web.resof.net\/es\/wp-json\/wp\/v2\/pages\/33\/revisions\/1066"}],"wp:attachment":[{"href":"http:\/\/web.resof.net\/es\/wp-json\/wp\/v2\/media?parent=33"}],"curies":[{"name":"wp","href":"https:\/\/api.w.org\/{rel}","templated":true}]}}